{"id":323,"date":"2022-09-30T07:42:16","date_gmt":"2022-09-30T06:42:16","guid":{"rendered":"https:\/\/glarnerenergie.ch\/?page_id=323"},"modified":"2022-09-30T07:58:24","modified_gmt":"2022-09-30T06:58:24","slug":"solarstrom-fuer-alle","status":"publish","type":"page","link":"https:\/\/glarnerenergie.ch\/?page_id=323","title":{"rendered":"Solarstrom f\u00fcr alle"},"content":{"rendered":"\n<p><a href=\"http:\/\/KlimaGlarus.ch\" data-type=\"URL\" data-id=\"KlimaGlarus.ch\" target=\"_blank\" rel=\"noreferrer noopener\">KlimaGlarus.ch<\/a> sensibilisiert und packt an. Der Verein bringt Menschen zusammen, die<br>sich mit viel Energie f\u00fcr den Klimaschutz im Glarnerland engagieren. KlimaGlarus.ch l\u00e4dt<br>alle dazu ein, mitzugestalten und Teil der L\u00f6sung auf dem Weg zum ersten klimaneutralen<br>Kanton der Schweiz zu werden.<\/p>\n\n\n\n<p><a rel=\"noreferrer noopener\" href=\"http:\/\/KlimaGlarus.ch\" data-type=\"URL\" data-id=\"KlimaGlarus.ch\" target=\"_blank\">KlimaGlarus.ch<\/a> lanciert zusammen mit den drei Technischen Betrieben, die unter dem Label \u00abglarner energie!\u00bb schon einige innovative Projekte realisiert haben, die Aktion \u00abSolarstrom f\u00fcr alle\u00bb. Gemeinsam sollen die Vorteile und das Potenzial der Solarstromproduktion erlebbar werden. Schon heute z\u00e4hlen die Technischen Betriebe der Glarner Gemeinden zu den innovativsten in diesem Bereich und bieten zahlreiche fortschrittliche Dienstleistungen und Produkte an.<\/p>\n\n\n\n<figure class=\"wp-block-gallery has-nested-images columns-default is-cropped wp-block-gallery-1 is-layout-flex wp-block-gallery-is-layout-flex\">\n<figure class=\"wp-block-image size-large\"><img loading=\"lazy\" decoding=\"async\" width=\"990\" height=\"736\" data-id=\"327\" src=\"https:\/\/glarnerenergie.ch\/wp-content\/uploads\/2022\/09\/klima-glarus-solarstrom-fuer-alle.png\" alt=\"\" class=\"wp-image-327\" srcset=\"https:\/\/glarnerenergie.ch\/wp-content\/uploads\/2022\/09\/klima-glarus-solarstrom-fuer-alle.png 990w, https:\/\/glarnerenergie.ch\/wp-content\/uploads\/2022\/09\/klima-glarus-solarstrom-fuer-alle-300x223.png 300w, https:\/\/glarnerenergie.ch\/wp-content\/uploads\/2022\/09\/klima-glarus-solarstrom-fuer-alle-768x571.png 768w\" sizes=\"auto, (max-width: 767px) 89vw, (max-width: 1000px) 54vw, (max-width: 1071px) 543px, 580px\" \/><figcaption>Solarstrom f\u00fcr alle<\/figcaption><\/figure>\n<\/figure>\n","protected":false},"excerpt":{"rendered":"<p>KlimaGlarus.ch sensibilisiert und packt an. Der Verein bringt Menschen zusammen, diesich mit viel Energie f\u00fcr den Klimaschutz im Glarnerland engagieren. KlimaGlarus.ch l\u00e4dtalle dazu ein, mitzugestalten und Teil der L\u00f6sung auf dem Weg zum ersten klimaneutralenKanton der Schweiz zu werden. KlimaGlarus.ch lanciert zusammen mit den drei Technischen Betrieben, die unter dem Label \u00abglarner energie!\u00bb schon einige &hellip; <\/p>\n<p class=\"link-more\"><a href=\"https:\/\/glarnerenergie.ch\/?page_id=323\" class=\"more-link\"><span class=\"screen-reader-text\">&#171;Solarstrom f\u00fcr alle&#187;<\/span> weiterlesen<\/a><\/p>\n","protected":false},"author":5,"featured_media":0,"parent":0,"menu_order":0,"comment_status":"closed","ping_status":"closed","template":"","meta":{"footnotes":""},"class_list":["post-323","page","type-page","status-publish","hentry"],"_links":{"self":[{"href":"https:\/\/glarnerenergie.ch\/index.php?rest_route=\/wp\/v2\/pages\/323","targetHints":{"allow":["GET"]}}],"collection":[{"href":"https:\/\/glarnerenergie.ch\/index.php?rest_route=\/wp\/v2\/pages"}],"about":[{"href":"https:\/\/glarnerenergie.ch\/index.php?rest_route=\/wp\/v2\/types\/page"}],"author":[{"embeddable":true,"href":"https:\/\/glarnerenergie.ch\/index.php?rest_route=\/wp\/v2\/users\/5"}],"replies":[{"embeddable":true,"href":"https:\/\/glarnerenergie.ch\/index.php?rest_route=%2Fwp%2Fv2%2Fcomments&post=323"}],"version-history":[{"count":4,"href":"https:\/\/glarnerenergie.ch\/index.php?rest_route=\/wp\/v2\/pages\/323\/revisions"}],"predecessor-version":[{"id":330,"href":"https:\/\/glarnerenergie.ch\/index.php?rest_route=\/wp\/v2\/pages\/323\/revisions\/330"}],"wp:attachment":[{"href":"https:\/\/glarnerenergie.ch\/index.php?rest_route=%2Fwp%2Fv2%2Fmedia&parent=323"}],"curies":[{"name":"wp","href":"https:\/\/api.w.org\/{rel}","templated":true}]}}